{"id":3386,"date":"2022-04-19T13:02:09","date_gmt":"2022-04-19T10:02:09","guid":{"rendered":"https:\/\/thalescyprus.com\/?page_id=3386"},"modified":"2023-06-30T12:31:29","modified_gmt":"2023-06-30T09:31:29","slug":"steame-students-project","status":"publish","type":"page","link":"https:\/\/thalescyprus.com\/el\/steame-students-project\/","title":{"rendered":"STEAME STUDENTS PROJECT"},"content":{"rendered":"<div class=\"fusion-fullwidth fullwidth-box fusion-builder-row-1 fusion-flex-container nonhundred-percent-fullwidth non-hundred-percent-height-scrolling\" style=\"--awb-border-radius-top-left:0px;--awb-border-radius-top-right:0px;--awb-border-radius-bottom-right:0px;--awb-border-radius-bottom-left:0px;--awb-padding-top:160px;--awb-padding-bottom:80px;--awb-background-color:#eaeaea;--awb-flex-wrap:wrap;\" ><div class=\"fusion-builder-row fusion-row fusion-flex-align-items-flex-start fusion-flex-content-wrap\" style=\"max-width:calc( 1280px + 0px );margin-left: calc(-0px \/ 2 );margin-right: calc(-0px \/ 2 );\"><div class=\"fusion-layout-column fusion_builder_column fusion-builder-column-0 fusion_builder_column_1_1 1_1 fusion-flex-column\" style=\"--awb-bg-size:cover;--awb-width-large:100%;--awb-margin-top-large:10px;--awb-spacing-right-large:0px;--awb-margin-bottom-large:40px;--awb-spacing-left-large:0px;--awb-width-medium:100%;--awb-spacing-right-medium:0px;--awb-spacing-left-medium:0px;--awb-width-small:100%;--awb-spacing-right-small:0px;--awb-spacing-left-small:0px;\"><div class=\"fusion-column-wrapper fusion-flex-justify-content-flex-start fusion-content-layout-column\"><div class=\"fusion-text fusion-text-1\"><h4 style=\"text-align: center;\">European Networking of STEAME School Students for Exchange and Co-creation<br \/>\n2021-2-CY01-KA210-SCH-000047923<\/h4>\n<p style=\"text-align: center;\"><img decoding=\"async\" class=\"lazyload alignnone wp-image-3392\" src=\"https:\/\/thalescyprus.com\/wp-content\/uploads\/2022\/04\/STEAME_students_final_logo_transparent.png\" data-orig-src=\"https:\/\/thalescyprus.com\/wp-content\/uploads\/2022\/04\/STEAME_students_final_logo_transparent.png\" alt=\"\" width=\"350\" height=\"107\" srcset=\"data:image\/svg+xml,%3Csvg%20xmlns%3D%27http%3A%2F%2Fwww.w3.org%2F2000%2Fsvg%27%20width%3D%27350%27%20height%3D%27107%27%20viewBox%3D%270%200%20350%20107%27%3E%3Crect%20width%3D%27350%27%20height%3D%27107%27%20fill-opacity%3D%220%22%2F%3E%3C%2Fsvg%3E\" data-srcset=\"https:\/\/thalescyprus.com\/wp-content\/uploads\/2022\/04\/STEAME_students_final_logo_transparent-200x61.png 200w, https:\/\/thalescyprus.com\/wp-content\/uploads\/2022\/04\/STEAME_students_final_logo_transparent-300x92.png 300w, https:\/\/thalescyprus.com\/wp-content\/uploads\/2022\/04\/STEAME_students_final_logo_transparent-400x122.png 400w, https:\/\/thalescyprus.com\/wp-content\/uploads\/2022\/04\/STEAME_students_final_logo_transparent-600x183.png 600w, https:\/\/thalescyprus.com\/wp-content\/uploads\/2022\/04\/STEAME_students_final_logo_transparent-768x235.png 768w, https:\/\/thalescyprus.com\/wp-content\/uploads\/2022\/04\/STEAME_students_final_logo_transparent-800x244.png 800w, https:\/\/thalescyprus.com\/wp-content\/uploads\/2022\/04\/STEAME_students_final_logo_transparent-1024x313.png 1024w, https:\/\/thalescyprus.com\/wp-content\/uploads\/2022\/04\/STEAME_students_final_logo_transparent-1200x367.png 1200w, https:\/\/thalescyprus.com\/wp-content\/uploads\/2022\/04\/STEAME_students_final_logo_transparent-1536x469.png 1536w, https:\/\/thalescyprus.com\/wp-content\/uploads\/2022\/04\/STEAME_students_final_logo_transparent.png 2193w\" data-sizes=\"auto\" data-orig-sizes=\"(max-width: 350px) 100vw, 350px\" \/><img decoding=\"async\" class=\"lazyload alignnone wp-image-3394\" src=\"https:\/\/thalescyprus.com\/wp-content\/uploads\/2022\/04\/EN-Co-funded-by-the-EU_POS-scaled-1.jpg\" data-orig-src=\"https:\/\/thalescyprus.com\/wp-content\/uploads\/2022\/04\/EN-Co-funded-by-the-EU_POS-scaled-1.jpg\" alt=\"\" width=\"382\" height=\"80\" srcset=\"data:image\/svg+xml,%3Csvg%20xmlns%3D%27http%3A%2F%2Fwww.w3.org%2F2000%2Fsvg%27%20width%3D%27382%27%20height%3D%2780%27%20viewBox%3D%270%200%20382%2080%27%3E%3Crect%20width%3D%27382%27%20height%3D%2780%27%20fill-opacity%3D%220%22%2F%3E%3C%2Fsvg%3E\" data-srcset=\"https:\/\/thalescyprus.com\/wp-content\/uploads\/2022\/04\/EN-Co-funded-by-the-EU_POS-scaled-1-200x42.jpg 200w, https:\/\/thalescyprus.com\/wp-content\/uploads\/2022\/04\/EN-Co-funded-by-the-EU_POS-scaled-1-300x63.jpg 300w, https:\/\/thalescyprus.com\/wp-content\/uploads\/2022\/04\/EN-Co-funded-by-the-EU_POS-scaled-1-400x84.jpg 400w, https:\/\/thalescyprus.com\/wp-content\/uploads\/2022\/04\/EN-Co-funded-by-the-EU_POS-scaled-1-600x126.jpg 600w, https:\/\/thalescyprus.com\/wp-content\/uploads\/2022\/04\/EN-Co-funded-by-the-EU_POS-scaled-1-768x161.jpg 768w, https:\/\/thalescyprus.com\/wp-content\/uploads\/2022\/04\/EN-Co-funded-by-the-EU_POS-scaled-1-800x168.jpg 800w, https:\/\/thalescyprus.com\/wp-content\/uploads\/2022\/04\/EN-Co-funded-by-the-EU_POS-scaled-1-1024x215.jpg 1024w, https:\/\/thalescyprus.com\/wp-content\/uploads\/2022\/04\/EN-Co-funded-by-the-EU_POS-scaled-1-1200x252.jpg 1200w, https:\/\/thalescyprus.com\/wp-content\/uploads\/2022\/04\/EN-Co-funded-by-the-EU_POS-scaled-1-1536x322.jpg 1536w, https:\/\/thalescyprus.com\/wp-content\/uploads\/2022\/04\/EN-Co-funded-by-the-EU_POS-scaled-1.jpg 2560w\" data-sizes=\"auto\" data-orig-sizes=\"(max-width: 382px) 100vw, 382px\" \/><\/p>\n<p style=\"text-align: left;\">\u00a0 <img decoding=\"async\" class=\"lazyload aligncenter wp-image-3828\" src=\"https:\/\/thalescyprus.com\/wp-content\/uploads\/2023\/05\/Untitled-design-13-e1683648561437-300x135.png\" data-orig-src=\"https:\/\/thalescyprus.com\/wp-content\/uploads\/2023\/05\/Untitled-design-13-e1683648561437-300x135.png\" alt=\"\" width=\"340\" height=\"153\" srcset=\"data:image\/svg+xml,%3Csvg%20xmlns%3D%27http%3A%2F%2Fwww.w3.org%2F2000%2Fsvg%27%20width%3D%27340%27%20height%3D%27153%27%20viewBox%3D%270%200%20340%20153%27%3E%3Crect%20width%3D%27340%27%20height%3D%27153%27%20fill-opacity%3D%220%22%2F%3E%3C%2Fsvg%3E\" data-srcset=\"https:\/\/thalescyprus.com\/wp-content\/uploads\/2023\/05\/Untitled-design-13-e1683648561437-200x90.png 200w, https:\/\/thalescyprus.com\/wp-content\/uploads\/2023\/05\/Untitled-design-13-e1683648561437-300x135.png 300w, https:\/\/thalescyprus.com\/wp-content\/uploads\/2023\/05\/Untitled-design-13-e1683648561437-400x180.png 400w, https:\/\/thalescyprus.com\/wp-content\/uploads\/2023\/05\/Untitled-design-13-e1683648561437-600x270.png 600w, https:\/\/thalescyprus.com\/wp-content\/uploads\/2023\/05\/Untitled-design-13-e1683648561437-768x346.png 768w, https:\/\/thalescyprus.com\/wp-content\/uploads\/2023\/05\/Untitled-design-13-e1683648561437-800x360.png 800w, https:\/\/thalescyprus.com\/wp-content\/uploads\/2023\/05\/Untitled-design-13-e1683648561437-1024x461.png 1024w, https:\/\/thalescyprus.com\/wp-content\/uploads\/2023\/05\/Untitled-design-13-e1683648561437.png 1080w\" data-sizes=\"auto\" data-orig-sizes=\"(max-width: 340px) 100vw, 340px\" \/><\/p>\n<p style=\"text-align: center;\"><strong>STEAME STUDENTS PLATFORM<br \/>\n<\/strong><a href=\"https:\/\/thalescyprus.com\/el\/?page_id=3587&amp;preview=true\" target=\"_blank\" rel=\"noopener\"><strong>WEB-LINK<\/strong><\/a><\/p>\n<div class=\"meSK8 G4EHhc\" role=\"heading\" aria-level=\"2\"><strong>JOIN THE FUTURE<\/strong><\/div>\n<div class=\"spb5Rd G4EHhc\">\n<p>If you are a teacher or student or researcher or parent and want to become active with STEAME activities, click <strong><a href=\"https:\/\/docs.google.com\/forms\/d\/e\/1FAIpQLSexwglydReZRwyL-qnypwchSUDrOqGbR30RetuD0sjzDI7GVg\/viewform\" target=\"_blank\" rel=\"noopener\">HERE<\/a><\/strong> to join the STEAME Student Network Society (this link is not the STEAME-Student platform).<\/p>\n<div class=\"v1spb5Rd v1G4EHhc\">\n<div><span class=\"v1highlight\">If you are a student and you want to access the STEAME-Students platform you need to follow two steps:<\/span><span class=\"v1highlight\"><br \/>\n<\/span><\/div>\n<\/div>\n<ol>\n<li><span class=\"v1highlight\">join\/register to the platform through <\/span><a href=\"https:\/\/discord.com\/invite\/8NTy9t7Dvf\" target=\"_blank\" rel=\"noopener noreferrer\"><span class=\"v1highlight\">https:\/\/discord.com\/invite\/8NTy9t7Dvf<\/span><\/a><span class=\"v1highlight\"><br \/>\n<\/span><span class=\"v1highlight\">If you join this then you only have view access. Teachers and parents can register also.<\/span><span class=\"v1highlight\"><br \/>\n<\/span><\/li>\n<li><span class=\"v1highlight\">in order to get student access (<\/span><b><span class=\"v1highlight\">become a student)<\/span><\/b><span class=\"v1highlight\">, which will allow you full editing access you need to apply through the\u00a0<\/span><b><span class=\"v1highlight\">BECOME A STUDENT<\/span><\/b><span class=\"v1highlight\"> link . The link for this is <\/span><a href=\"https:\/\/docs.google.com\/forms\/d\/e\/1FAIpQLSfckX5V6Sngw6Tl6oz5FWB_GdnEqksQIkFxLG4L3JJ6H9ezkg\/viewform\" target=\"_blank\" rel=\"noopener noreferrer\"><span class=\"v1highlight\">https:\/\/docs.google.com\/forms\/d\/e\/1FAIpQLSfckX5V6Sngw6Tl6oz5FWB_GdnEqksQIkFxLG4L3JJ6H9ezkg\/viewform<\/span><\/a><\/li>\n<\/ol>\n<div class=\"v1spb5Rd v1G4EHhc\">\n<div><b>NEWSLETTER 3 <strong>(<a href=\"https:\/\/thalescyprus.com\/wp-content\/uploads\/2023\/05\/Newsletter-3_STEAME-Students.pdf\" target=\"_blank\" rel=\"noopener\">Click HERE<\/a>)<br \/>\n<\/strong><\/b><strong>E3SN BY LAWS (April 2023): (<a href=\"https:\/\/thalescyprus.com\/wp-content\/uploads\/2023\/06\/E3SN-By-laws-25-4-2023.pdf\" target=\"_blank\" rel=\"noopener\">Click HERE<\/a>)<\/strong><\/div>\n<div><b>PLATO MAGAZINE ISSUE 2 (May 2023) <strong>(<a href=\"https:\/\/thalescyprus.com\/wp-content\/uploads\/2023\/05\/PLATO-Magazine_Issue-2_MAY-2023.pdf\" target=\"_blank\" rel=\"noopener\">Click HERE<\/a>)<\/strong><\/b><\/div>\n<div><b>PLATO MAGAZINE Issue 1 (April 2023) <strong>(<a href=\"https:\/\/thalescyprus.com\/wp-content\/uploads\/2023\/05\/PLATO-Magazine_Issue-1_APRIL.pdf\" target=\"_blank\" rel=\"noopener\">Click HERE<\/a>)<\/strong><br \/>\n<\/b><strong>European STEAME School Student Network (E3SN) : MANIFESTO (<a href=\"https:\/\/thalescyprus.com\/wp-content\/uploads\/2023\/03\/STEAME-STUDENTS-E3SN-COMMITTEE-MANIFESTO-14.3.23.pdf\" target=\"_blank\" rel=\"noopener\">Click HERE<\/a>)<br \/>\n<\/strong><b>NEWSLETTER 2 (<a href=\"https:\/\/thalescyprus.com\/wp-content\/uploads\/2023\/04\/Newsletter2-announcement.pdf\" target=\"_blank\" rel=\"noopener\">Click HERE<\/a>)<\/b><\/div>\n<p><b>More activities:\u00a0<\/b><b><span class=\"v1highlight\">Visit the STEAME-STUDENTS BLOGSPOT<\/span><\/b><span class=\"v1highlight\">\u00a0&#8211; Link:\u00a0<\/span><a href=\"https:\/\/steamestudents.blogspot.com\/\" target=\"_blank\" rel=\"noopener noreferrer\"><span class=\"v1highlight\">https:\/\/steamestudents.blogspot.com<\/span><\/a><br \/>\n<b><b><span class=\"v1v1highlight\">STEAME-Students online meeting 1 with students 5.12.2022 To see the minutes <a href=\"https:\/\/thalescyprus.com\/wp-content\/uploads\/2023\/01\/European-STEAME-School-Students-Network-Minutes-of-first-online-mtg5.12.2022.pdf\" target=\"_blank\" rel=\"noopener\">click HERE<\/a><br \/>\n<\/span><\/b><\/b><\/p>\n<div><b>AWARDS<\/b><\/div>\n<ul dir=\"ltr\">\n<li>STEAME-Student Award for the month October 2022 is awarded to Giorgos\u00a0<span class=\"v1x_-1809849066v1highlight\">Tzachristas, Greece.<\/span><\/li>\n<li>STEAME-Student Award for the month November 2022 is awarded to\u00a0Sebasti\u00e1n de la Torr, Spain.<\/li>\n<li>STEAME-Student Award for the month December 2022 is awarded to\u00a0Jos\u00e9 N\u00fa\u00f1ez S\u00e1nchez, Spain and to\u00a0Al\u00e8xia Escudero Rib\u00f3, Spain.<\/li>\n<\/ul>\n<p><span class=\"v1highlight\">\u00a0<\/span>Manager: Ioannis Tzachristas<\/p>\n<\/div>\n<p>This project will promote the development of a Network of communication using licensed communication platforms including TEAMS or ZOOM or YouTube or similar for supporting its aims and objectives in facilitating the exchange of ideas and creative thinking between school students interested in STEAME subjects (Science, Technology, Engineering, Arts, Mathematics, Entrepreneurship), including high-ability students. This will support the aims of results of other related<br \/>\nprojects such as STEAME, STEAME GOES HYBRID, INNOMATH, E-I-STEAM, LEARN+ and more, in order to motivate students towards STEAME learning. Among 178 questions and answers of stachexchange communities, not a single community is devoted to top priority questions of contemporary education. This has to change and this project undertakes the very first step in this direction. The project intends to use the well-known and widely spread concept of<br \/>\nSTACKEXCHANGE (https:\/\/stackexchange.com\/)<\/p>\n<p>The idea is to help school students of mainly secondary level (grades 7-12) to build up a community, which will be sustain progressively without much supervision and mentoring. This support can be slowly reduced as the community reaches appropriate momentum from which on it develops by its own energy.<br \/>\nThe project does not restrict to exchange of text messages only, as in STEAME, visualization plays an important role.<br \/>\nThus the service in a fully innovative manner will incorporate 30 second long question movies and up to 300 seconds answers movies among other type video presentations. The success of the TikTok platform, for example, https:\/\/www.tiktok.com\/ , shows that this is exactly the right form to communicate with and among young generation.<\/p>\n<\/div>\n<p><strong>In title objectives the project aims to achieve:<\/strong><br \/>\n1. Exchange of talent support approaches and practices<br \/>\n2. Networking of Minds<br \/>\n3. Co-creation mind of state<br \/>\n4. Exchange Project Based Learning ideas<br \/>\n5. Promote Science Communication Skills<br \/>\n6. Effective Web-based Communications<br \/>\n7. Facilitate the cooperation between students from different regions and countries in Europe<br \/>\n8. Support the learning of European languages and Cultures<br \/>\n9. Forming a Network of and potentially a European Association of STEAME school students<\/p>\n<p><strong>The project intends to run two main activities among others, in accomplishing its objectives.<\/strong><br \/>\nActivity 1: European Online Student Creations Exchange Forum<br \/>\nActivity 2: Student Community Kick-off Meeting<\/p>\n<div>\n<div><a href=\"https:\/\/thalescyprus.com\/wp-content\/uploads\/2022\/10\/STEAME_Students_flyer-attention-teachers-F.pdf\" target=\"_blank\" rel=\"noopener\">STEAME Students Flyer &#8211; Attention Teachers<\/a><\/div>\n<div><a href=\"https:\/\/thalescyprus.com\/wp-content\/uploads\/2022\/10\/STEAME_Students_flyer-for-students-F.pdf\" target=\"_blank\" rel=\"noopener\">STEAME Students Flyer &#8211; for students<\/a><\/div>\n<div><a href=\"https:\/\/thalescyprus.com\/wp-content\/uploads\/2022\/10\/STEAME_STUDENTS-PLATO-MAGAZINE_flyer.pdf\" target=\"_blank\" rel=\"noopener\">STEAME Studetns Plato Magazine<\/a><\/div>\n<\/div>\n<div><span style=\"color: #003366;\"><strong>PARENT APPROVAL FORM (IN WORD), <a href=\"https:\/\/thalescyprus.com\/wp-content\/uploads\/2022\/10\/Parent-Guardian-approval-form-EN-2022-20231.doc\" target=\"_blank\" rel=\"noopener\">download HERE<\/a><\/strong><\/span><\/div>\n<div><span style=\"color: #003366;\"><strong>PARENT APPROVAL FORM (IN PDF), <a href=\"https:\/\/thalescyprus.com\/wp-content\/uploads\/2022\/10\/Parent-Guardian-approval-form-EN-2022-2023.pdf\" target=\"_blank\" rel=\"noopener\">download HERE<\/a><\/strong><\/span><br \/>\n<strong><a href=\"https:\/\/thalescyprus.com\/wp-content\/uploads\/2022\/10\/STEAME_Students_Newsletter-1-1.pdf\" target=\"_blank\" rel=\"noopener\">NEWSLETTER 1<\/a><br \/>\n<a href=\"https:\/\/thalescyprus.com\/wp-content\/uploads\/2022\/05\/STEAME-students-press-release.pdf\" target=\"_blank\" rel=\"noopener\">Click here<\/a><\/strong> for the Press Release<br \/>\n<a href=\"https:\/\/thalescyprus.com\/wp-content\/uploads\/2022\/10\/STEAME-STUDENTS-PROJECT-_-Presentation-1.pdf\" target=\"_blank\" rel=\"noopener\"><strong>Click here<\/strong><\/a> for the PPT presentation of the project<\/div>\n<div>\n<div><a href=\"https:\/\/thalescyprus.com\/wp-content\/uploads\/2022\/10\/C-E-R-T-I-F-I-C-A-T-E-of-best-posting_SAMPLE.pdf\" target=\"_blank\" rel=\"noopener\"><b>Click here<\/b><\/a>\u00a0for Sample Certificate of Best Problem Posting<\/div>\n<div><b><a href=\"https:\/\/thalescyprus.com\/wp-content\/uploads\/2022\/10\/C-E-R-T-I-F-I-C-A-T-E-of-best-problem-solution_SAMPLE.pdf\" target=\"_blank\" rel=\"noopener\">Click here<\/a>\u00a0<\/b>for Sample Certificate of Best Problem Solution<\/div>\n<\/div>\n<div><\/div>\n<p>Education Leaders Awards 2022: Gold &amp; Silver Education Leaders Awards for INIDEA and the STEAME project! &#8211; <strong><a href=\"https:\/\/www.facebook.com\/groups\/1454300034756322\/permalink\/2013200745532912\/\" target=\"_blank\" rel=\"noopener\">click here<\/a><\/strong><\/p>\n<p>For more information please contact us at <a href=\"mailto:info@thalescyprus.com\">info@thalescyprus.com<\/a><\/p>\n<p><i>Disclaimer:\u00a0<\/i><i>Funded by the European Union. Views and opinions expressed are however those of the author(s) only and do not necessarily reflect those of the European Union. The European Union cannot be held responsible for them<\/i><\/p>\n<\/div><\/div><\/div><\/div><\/div>","protected":false},"excerpt":{"rendered":"","protected":false},"author":2,"featured_media":0,"parent":0,"menu_order":0,"comment_status":"closed","ping_status":"closed","template":"100-width.php","meta":{"footnotes":""},"class_list":["post-3386","page","type-page","status-publish","hentry"],"_links":{"self":[{"href":"https:\/\/thalescyprus.com\/el\/wp-json\/wp\/v2\/pages\/3386","targetHints":{"allow":["GET"]}}],"collection":[{"href":"https:\/\/thalescyprus.com\/el\/wp-json\/wp\/v2\/pages"}],"about":[{"href":"https:\/\/thalescyprus.com\/el\/wp-json\/wp\/v2\/types\/page"}],"author":[{"embeddable":true,"href":"https:\/\/thalescyprus.com\/el\/wp-json\/wp\/v2\/users\/2"}],"replies":[{"embeddable":true,"href":"https:\/\/thalescyprus.com\/el\/wp-json\/wp\/v2\/comments?post=3386"}],"version-history":[{"count":42,"href":"https:\/\/thalescyprus.com\/el\/wp-json\/wp\/v2\/pages\/3386\/revisions"}],"predecessor-version":[{"id":3856,"href":"https:\/\/thalescyprus.com\/el\/wp-json\/wp\/v2\/pages\/3386\/revisions\/3856"}],"wp:attachment":[{"href":"https:\/\/thalescyprus.com\/el\/wp-json\/wp\/v2\/media?parent=3386"}],"curies":[{"name":"wp","href":"https:\/\/api.w.org\/{rel}","templated":true}]}}